{"id":696,"date":"2022-03-22T14:11:59","date_gmt":"2022-03-22T14:11:59","guid":{"rendered":"https:\/\/cursos-por-internet.com\/sl\/?page_id=696"},"modified":"2023-05-10T10:27:11","modified_gmt":"2023-05-10T10:27:11","slug":"infoaga-pablociccone","status":"publish","type":"page","link":"https:\/\/cursos-por-internet.com\/sl\/infoaga-pablociccone\/","title":{"rendered":"infoagapablo"},"content":{"rendered":"<p><a class=\"op3-background-ancestor\" target=\"_self\" rel=\"noopener\" data-op-action=\"link\" data-op-popoverlay-trigger=\"none\" data-op-select-funnel-step=\"\" data-op-animation-trigger=\"none\" data-op-animation-style=\"\" data-op-animation-loop=\"0\" data-op-timer-minutes=\"0\" data-op-timer-seconds=\"0\" data-op3-smooth-scroll=\"0\" data-op-effect-style=\"\" data-op-effect-style-hover=\"\">OPORTUNIDAD \u00daNICA- CUPOS LIMITADOS!<\/a><\/p>\n<h1>M\u00e9todo A.G.A. Revelado!para Atraer, Conectar y Convencer M\u00e1s Clientes &amp; Pacientes&#8230;&#8230;SIN crear nuevos productos o servicios ni invertir fortunas en anuncios!Y empezar esta misma semana!<\/h1>\n<p>Dime a d\u00f3nde te env\u00edo TODA la informaci\u00f3n\u00a0de este Taller:<\/p>\n<p><a class=\"op3-background-ancestor\" href=\"#\" target=\"_self\" rel=\"noopener\" data-op-action=\"link\" data-op-popoverlay-trigger=\"none\" data-op-select-funnel-step=\"\" data-op-animation-trigger=\"none\" data-op-animation-style=\"\" data-op-animation-loop=\"0\" data-op-timer-minutes=\"0\" data-op-timer-seconds=\"0\" data-op3-smooth-scroll=\"0\" data-op-effect-style=\"\" data-op-effect-style-hover=\"\">ENVIAR<\/a><\/p>\n<p>\u00a9\u00a0 2007-2022\u00a0Cursos-por-internet.com.\u00a0 Todos los Derechos Reservados<\/p>\n","protected":false},"excerpt":{"rendered":"<p>OPORTUNIDAD \u00daNICA- CUPOS LIMITADOS! M\u00e9todo A.G.A. Revelado!para Atraer, Conectar y Convencer M\u00e1s Clientes &amp; Pacientes&#8230;&#8230;SIN crear nuevos productos o servicios ni invertir fortunas en anuncios!Y empezar esta misma semana! Dime a d\u00f3nde te env\u00edo TODA la informaci\u00f3n\u00a0de este Taller: ENVIAR \u00a9\u00a0 2007-2022\u00a0Cursos-por-internet.com.\u00a0 Todos los Derechos Reservados<\/p>\n","protected":false},"author":2,"featured_media":0,"parent":0,"menu_order":0,"comment_status":"closed","ping_status":"closed","template":"op_builder_blank","meta":{"footnotes":""},"class_list":["post-696","page","type-page","status-publish","hentry"],"_links":{"self":[{"href":"https:\/\/cursos-por-internet.com\/sl\/wp-json\/wp\/v2\/pages\/696","targetHints":{"allow":["GET"]}}],"collection":[{"href":"https:\/\/cursos-por-internet.com\/sl\/wp-json\/wp\/v2\/pages"}],"about":[{"href":"https:\/\/cursos-por-internet.com\/sl\/wp-json\/wp\/v2\/types\/page"}],"author":[{"embeddable":true,"href":"https:\/\/cursos-por-internet.com\/sl\/wp-json\/wp\/v2\/users\/2"}],"replies":[{"embeddable":true,"href":"https:\/\/cursos-por-internet.com\/sl\/wp-json\/wp\/v2\/comments?post=696"}],"version-history":[{"count":20,"href":"https:\/\/cursos-por-internet.com\/sl\/wp-json\/wp\/v2\/pages\/696\/revisions"}],"predecessor-version":[{"id":724,"href":"https:\/\/cursos-por-internet.com\/sl\/wp-json\/wp\/v2\/pages\/696\/revisions\/724"}],"wp:attachment":[{"href":"https:\/\/cursos-por-internet.com\/sl\/wp-json\/wp\/v2\/media?parent=696"}],"curies":[{"name":"wp","href":"https:\/\/api.w.org\/{rel}","templated":true}]}}