{"id":2183,"date":"2023-03-22T13:30:31","date_gmt":"2023-03-22T13:30:31","guid":{"rendered":"https:\/\/cursos-por-internet.com\/sl\/?page_id=2183"},"modified":"2025-03-19T00:26:03","modified_gmt":"2025-03-19T00:26:03","slug":"infottv","status":"publish","type":"page","link":"https:\/\/cursos-por-internet.com\/sl\/infottv\/","title":{"rendered":"infottv"},"content":{"rendered":"<h2>NUEVO PROGRAMA!<\/h2>\n<h2>TRANSFORMA TU FUTURO CON EL PODER DEL PRESENTE<br \/>\nEl m\u00e9todo que te lleva de la Visi\u00f3n a la Acci\u00f3n<\/h2>\n<p>Recibe ahora informaci\u00f3n completa sobre este nuevo programa. Dinos adonde quieres recibirlo:<\/p>\n<p><a href=\"#\" class=\"op3-link op3-background-ancestor\" target=\"_self\" data-op-action=\"link\" data-op3-smooth-scroll=\"0\" data-op-effect-style=\"\" data-op-effect-style-hover=\"\" data-op-courseaction=\"\" rel=\"noopener\">Enviar!<\/a><img loading=\"lazy\" decoding=\"async\" src=\"https:\/\/cursos-por-internet.com\/sl\/wp-content\/uploads\/2023\/03\/219124_00_2x-1.jpg\" alt=\"\" title=\"219124_00_2x (1)\" width=\"1184\" height=\"768\" data-op3-attachment-id=\"1965\" \/><img loading=\"lazy\" decoding=\"async\" src=\"https:\/\/cursos-por-internet.com\/sl\/wp-content\/uploads\/2023\/03\/ttvtodo-1.jpg\" alt=\"\" title=\"ttvtodo (1)\" width=\"746\" height=\"488\" data-op3-attachment-id=\"2191\" \/><br \/>\n\t\t<a href=\"https:\/\/cursos-por-internet.com\/\">Cursos-Por-Internet.com &#8211; 2010-2023 -Todos los Derechos Reservados<\/a><br \/>\n<a href=\"https:\/\/cursos-por-internet.com\/contacto\" target=\"_blank\" rel=\"noopener\">Contactanos<\/a> | <a href=\"https:\/\/cursos-por-internet.com\/privacidad\" target=\"_blank\" rel=\"noopener\">Privacidad<\/a> | <a href=\"https:\/\/cursos-por-internet.com\/legales\" target=\"_blank\" rel=\"noopener\">Legales<\/a> | <a href=\"https:\/\/cursos-por-internet.com\/antispam\" target=\"_blank\" rel=\"noopener\">Antispam <\/a> | <a href=\"https:\/\/cursos-por-internet.com\/responsabilidad\" target=\"_blank\" rel=\"noopener\">Responsabilidad <\/a><\/p>\n","protected":false},"excerpt":{"rendered":"<p>NUEVO PROGRAMA! TRANSFORMA TU FUTURO CON EL PODER DEL PRESENTE El m\u00e9todo que te lleva de la Visi\u00f3n a la Acci\u00f3n Recibe ahora informaci\u00f3n completa sobre este nuevo programa. Dinos adonde quieres recibirlo: Enviar! Cursos-Por-Internet.com &#8211; 2010-2023 -Todos los Derechos Reservados Contactanos | Privacidad | Legales | Antispam | Responsabilidad<\/p>\n","protected":false},"author":2,"featured_media":0,"parent":0,"menu_order":0,"comment_status":"closed","ping_status":"closed","template":"op_builder_blank","meta":{"footnotes":""},"class_list":["post-2183","page","type-page","status-publish","hentry"],"_links":{"self":[{"href":"https:\/\/cursos-por-internet.com\/sl\/wp-json\/wp\/v2\/pages\/2183","targetHints":{"allow":["GET"]}}],"collection":[{"href":"https:\/\/cursos-por-internet.com\/sl\/wp-json\/wp\/v2\/pages"}],"about":[{"href":"https:\/\/cursos-por-internet.com\/sl\/wp-json\/wp\/v2\/types\/page"}],"author":[{"embeddable":true,"href":"https:\/\/cursos-por-internet.com\/sl\/wp-json\/wp\/v2\/users\/2"}],"replies":[{"embeddable":true,"href":"https:\/\/cursos-por-internet.com\/sl\/wp-json\/wp\/v2\/comments?post=2183"}],"version-history":[{"count":6,"href":"https:\/\/cursos-por-internet.com\/sl\/wp-json\/wp\/v2\/pages\/2183\/revisions"}],"predecessor-version":[{"id":2641,"href":"https:\/\/cursos-por-internet.com\/sl\/wp-json\/wp\/v2\/pages\/2183\/revisions\/2641"}],"wp:attachment":[{"href":"https:\/\/cursos-por-internet.com\/sl\/wp-json\/wp\/v2\/media?parent=2183"}],"curies":[{"name":"wp","href":"https:\/\/api.w.org\/{rel}","templated":true}]}}